
{"id":1929,"date":"2016-03-09T20:08:36","date_gmt":"2016-03-09T19:08:36","guid":{"rendered":"http:\/\/dev.saalestrand-kanu.de\/en\/?page_id=1929"},"modified":"2020-11-02T11:19:18","modified_gmt":"2020-11-02T10:19:18","slug":"bootstypen","status":"publish","type":"page","link":"https:\/\/www.saalestrand-kanu.de\/en\/bootstypen.html","title":{"rendered":"Bootstypen"},"content":{"rendered":"<div class=\"wpb-content-wrapper\"><p>[vc_row][vc_column]<div class=\"dt-fancy-separator h2-size\" style=\"width: 100%;\"><div class=\"dt-fancy-title\" style=\"color: #000000;\"><span class=\"separator-holder separator-left\"><\/span>Bootstypen im \u00dcberblick<span class=\"separator-holder separator-right\"><\/span><\/div><\/div>[\/vc_column][\/vc_row][vc_row margin_top=&#8221;20&#8243; margin_bottom=&#8221;20&#8243;][vc_column width=&#8221;1\/3&#8243;][vc_single_image image=&#8221;1354&#8243; img_size=&#8221;300&#215;200&#8243; onclick=&#8221;link_image&#8221;][\/vc_column][vc_column width=&#8221;2\/3&#8243;][vc_column_text]<\/p>\n<h2>Kanadier<\/h2>\n<p>zeichnen sich durch eine gute\u00a0Kippstabilit\u00e4t aus. Die lange Wasserlinie sorgt f\u00fcr einen guten Geradeauslauf. Dadurch\u00a0eignen sich diese Boote\u00a0hervorragend f\u00fcr Familien und Tourenpaddler mit Gep\u00e4ck. Das bauchige Unterschiff fasst viel Zuladung und liegt auch dann noch sicher im Wasser, wenn die von uns angegebene, maximale Kapazit\u00e4t erreicht ist. Wir bieten Euch Boote f\u00fcr 2-4 Paddler.[\/vc_column_text][\/vc_column][\/vc_row][vc_row margin_top=&#8221;&#8221; margin_bottom=&#8221;20&#8243;][vc_column width=&#8221;1\/3&#8243;][vc_single_image image=&#8221;1077&#8243; img_size=&#8221;300&#215;200&#8243; onclick=&#8221;link_image&#8221;][\/vc_column][vc_column width=&#8221;2\/3&#8243;][vc_column_text]<\/p>\n<h2>Kajak<\/h2>\n<p>Kajaks sind aufgrund Ihrer Bauweise mit tieferem Schwerpunkt und geschlossenem Bug und Heck\u00a0besonders f\u00fcr bewegtes Wasser geeignet. Ein gro\u00dfz\u00fcgiger Fu\u00dfraum,\u00a0sowie eine tiefe, aber dennoch bequeme Sitzanlage sind ideal f\u00fcr Tagesausfl\u00fcge. Unsere Tourenkajaks bieten einen guten Geradeaus-Lauf und sind\u00a0f\u00fcr Anf\u00e4nger und Fortgeschrittene gleicherma\u00dfen geeignet. Doppelpaddel sorgen f\u00fcr z\u00fcgiges Vorankommen und flexible Navigation bei Eurem Ausflug.[\/vc_column_text][\/vc_column][\/vc_row][vc_row margin_bottom=&#8221;20&#8243;][vc_column width=&#8221;1\/3&#8243;][vc_single_image image=&#8221;1075&#8243; img_size=&#8221;300&#215;200&#8243; onclick=&#8221;link_image&#8221;][\/vc_column][vc_column width=&#8221;2\/3&#8243;][vc_column_text]<\/p>\n<h2>Schlauchboot<\/h2>\n<p>Wie der Name bereits vermuten l\u00e4sst bestehen Schlauchboote aus mehreren schlauchartigen Kammern, die mit Luft\u00a0bef\u00fcllt sind. Der Vorteil des Schlauchbootes ist, dass diese auf unseren Fl\u00fcssen nicht kentern k\u00f6nnen. Egal ob jung, alt oder mit k\u00f6rperlicher Beeintr\u00e4chtigung &#8211; niemand braucht den Kontakt zum Paddeln zu scheuen. W\u00e4hrend im Freizeit-Bereich PVC-Boote zum Einsatz kommen bieten unsere Schlauchboote einen robusten Rumpf und eine Au\u00dfenhaut aus mehrlagigem Hypalon und PU. Ideal f\u00fcr Gruppenausfl\u00fcge bieten sie Platz f\u00fcr 8-15 Personen.[\/vc_column_text][\/vc_column][\/vc_row][vc_row][vc_column]<div class=\"dt-fancy-separator h2-size\" style=\"width: 100%;\"><div class=\"dt-fancy-title\" style=\"color: #000000;\"><span class=\"separator-holder separator-left\"><\/span>Unsere beliebtesten Touren<span class=\"separator-holder separator-right\"><\/span><\/div><\/div>[\/vc_column][\/vc_row][vc_row][vc_column][vc_raw_html]JTNDZGl2JTIwY2xhc3MlM0QlMjJkdC1wb3J0Zm9saW8tc2hvcnRjb2RlJTIwc2xpZGVyLXdyYXBwZXIlMjBhcnJvd3MtbGlnaHQlMjBkZXNjcmlwdGlvbi1vbi1ob3ZlciUyMGhvdmVyLXN0eWxlLW9uZSUyMGhpZGUtYXJyb3dzJTIwJTIwaG92ZXItc3R5bGUtb25lJTIwYWx3YXlzLXNob3ctaW5mbyUyMiUyMGRhdGEtcGFkZGluZy1zaWRlJTNEJTIyMCUyMiUyMGRhdGEtYXV0b3NsaWRlJTNEJTIyZmFsc2UlMjIlMjBkYXRhLWRlbGF5JTNEJTIyMCUyMiUyMGRhdGEtbG9vcCUzRCUyMmZhbHNlJTIyJTIwc3R5bGUlM0QlMjJ2aXNpYmlsaXR5JTNBJTIwdmlzaWJsZSUzQiUyMiUzRSUzQ2RpdiUyMGNsYXNzJTNEJTIyZnJhbWUlMjBmdWxsd2lkdGgtc2xpZGVyJTIyJTNFJTNDZGl2JTIwY2xhc3MlM0QlMjJ0cy13cmFwJTIwdHMtYXV0b0hlaWdodCUyMHRzLXJlYWR5JTIyJTNFJTNDZGl2JTIwY2xhc3MlM0QlMjJ0cy12aWV3cG9ydCUyMiUyMHN0eWxlJTNEJTIyd2lkdGglM0ElMjAxMTAwcHglM0IlMjBoZWlnaHQlM0ElMjAxNDZweCUzQiUyMiUzRSUzQ3VsJTIwY2xhc3MlM0QlMjJjbGVhcmZpeCUyMHRzLWNvbnQlMjIlMjBzdHlsZSUzRCUyMnRyYW5zZm9ybSUzQSUyMHRyYW5zbGF0ZTNkJTI4MHB4JTJDJTIwMHB4JTJDJTIwMHB4JTI5JTNCJTIwbGVmdCUzQSUyMDBweCUzQiUyMiUzRSUzQ2xpJTIwY2xhc3MlM0QlMjJmcy1lbnRyeSUyMHRzLWNlbGwlMjB0cy1sb2FkZWQlMjIlMjBkYXRhLXdpZHRoJTNEJTIyMjIwJTIyJTIwc3R5bGUlM0QlMjJ3aWR0aCUzQSUyMDIyMHB4JTNCJTIwb3BhY2l0eSUzQSUyMDElM0IlMjBoZWlnaHQlM0ElMjAxMDAlMjUlM0IlMjBsZWZ0JTNBJTIwMHB4JTNCJTIyJTNFJTBBJTBBJTIwJTIwJTIwJTIwJTNDYXJ0aWNsZSUyMGNsYXNzJTNEJTIycG9zdCUyMHBvc3QtNzc4JTIwZHRfcG9ydGZvbGlvJTIwdHlwZS1kdF9wb3J0Zm9saW8lMjBzdGF0dXMtcHVibGlzaCUyMGhhcy1wb3N0LXRodW1ibmFpbCUyMGhlbnRyeSUyMGR0X3BvcnRmb2xpb19jYXRlZ29yeS10b3B0b3VyZW4lMjIlMjBzdHlsZSUzRCUyMmhlaWdodCUzQSUyMDEwMCUyNSUzQiUyMiUzRSUzQ2RpdiUyMGNsYXNzJTNEJTIycm9sbG92ZXItcHJvamVjdCUyMGZvcndhcmQtcG9zdCUyMHRoaXMtcmVhZHklMjIlMjBzdHlsZSUzRCUyMndpZHRoJTNBJTIwMjIwcHglM0IlMjIlM0UlMEElMEElMjAlMjAlMjAlMjAlMjAlMjAlMjAlMjAlM0NhJTIwaHJlZiUzRCUyMiUyRmdyb3NzaGVyaW5nZW4tbmF1bWJ1cmcuaHRtbCUyMiUyMHN0eWxlJTNEJTIyaGVpZ2h0JTNBJTIwMTQ2cHglM0IlMjIlM0UlM0Nub3NjcmlwdCUzRSUyNmx0JTNCSU1HJTIwY2xhc3MlM0QlMjJwcmVsb2FkLW1lJTIwJTIyJTIwc3JjJTNEJTIyJTIyJTI2Z3QlM0IlM0MlMkZub3NjcmlwdCUzRSUzQ2ltZyUyMGNsYXNzJTNEJTIycHJlbG9hZC1tZSUyMHJldGluaXplZCUyMGxhenlsb2FkZWQlMjIlMjBzcmNzZXQlM0QlMjIlMkZ3cC1jb250ZW50JTJGdXBsb2FkcyUyRjIwMTUlMkYxMiUyRjUwODEyNTUtMjIweDE0Ni5qcGclMjAxeCUyQyUyMCUyRndwLWNvbnRlbnQlMkZ1cGxvYWRzJTJGMjAxNSUyRjEyJTJGNTA4MTI1NS00NDB4MjkyLmpwZyUyMDJ4JTIyJTIwYWx0JTNEJTIyJTIyJTIwd2lkdGglM0QlMjIyMjAlMjIlMjBoZWlnaHQlM0QlMjIxNDYlMjIlMjBkYXRhLXNyYyUzRCUyMiUyMiUyMHNyYyUzRCUyMmh0dHAlM0ElMkYlMkZkZXYuc2FhbGVzdHJhbmQta2FudS5kZSUyRndwLWNvbnRlbnQlMkZ1cGxvYWRzJTJGMjAxNSUyRjEyJTJGNTA4MTI1NS0yMjB4MTQ2LmpwZyUyMiUzRSUzQyUyRmElM0UlMEElMEElMjAlMjAlMjAlMjAlMjAlMjAlMjAlMjAlM0NkaXYlMjBjbGFzcyUzRCUyMnJvbGxvdmVyLWNvbnRlbnQlMjIlM0UlMEElMEElMEElMEElMjAlMjAlMjAlMjAlMjAlMjAlMjAlMjAlMjAlMjAlMjAlMjAlM0NkaXYlMjBjbGFzcyUzRCUyMnJvbGxvdmVyLWNvbnRlbnQtY29udGFpbmVyJTIyJTNFJTBBJTBBJTBBJTIwJTIwJTIwJTIwJTIwJTIwJTIwJTIwJTIwJTIwJTIwJTIwJTIwJTIwJTIwJTIwJTNDaDQlMjBjbGFzcyUzRCUyMmVudHJ5LXRpdGxlJTIyJTNFJTNDYSUyMGhyZWYlM0QlMjIlMkZncm9zc2hlcmluZ2VuLW5hdW1idXJnLmh0bWwlMjIlM0VHcm8lQzMlOUZoZXJpbmdlbi1OYXVtYnVyZyUzQ2JyJTIwJTJGJTNFJTI4MSUyMFRhZyUyOSUzQyUyRmElM0UlM0MlMkZoNCUzRSUwQSUwQSUwQSUyMCUyMCUyMCUyMCUyMCUyMCUyMCUyMCUyMCUyMCUyMCUyMCUzQyUyRmRpdiUzRSUwQSUyMCUyMCUyMCUyMCUyMCUyMCUyMCUyMCUzQyUyRmRpdiUzRSUwQSUwQSUwQSUyMCUyMCUyMCUyMCUzQyUyRmRpdiUzRSUwQSUyMCUyMCUyMCUyMCUzQyUyRmFydGljbGUlM0UlM0MlMkZsaSUzRSUzQ2xpJTIwY2xhc3MlM0QlMjJmcy1lbnRyeSUyMHRzLWNlbGwlMjB0cy1sb2FkZWQlMjIlMjBkYXRhLXdpZHRoJTNEJTIyMjIwJTIyJTIwc3R5bGUlM0QlMjJ3aWR0aCUzQSUyMDIyMHB4JTNCJTIwb3BhY2l0eSUzQSUyMDElM0IlMjBoZWlnaHQlM0ElMjAxMDAlMjUlM0IlMjBsZWZ0JTNBJTIwMjIwcHglM0IlMjIlM0UlMEElMEElMjAlMjAlMjAlMjAlM0NhcnRpY2xlJTIwY2xhc3MlM0QlMjJwb3N0JTIwcG9zdC03MzYlMjBkdF9wb3J0Zm9saW8lMjB0eXBlLWR0X3BvcnRmb2xpbyUyMHN0YXR1cy1wdWJsaXNoJTIwaGFzLXBvc3QtdGh1bWJuYWlsJTIwaGVudHJ5JTIwZHRfcG9ydGZvbGlvX2NhdGVnb3J5LXRvcHRvdXJlbiUyMiUyMHN0eWxlJTNEJTIyaGVpZ2h0JTNBJTIwMTAwJTI1JTNCJTIyJTNFJTNDZGl2JTIwY2xhc3MlM0QlMjJyb2xsb3Zlci1wcm9qZWN0JTIwZm9yd2FyZC1wb3N0JTIwdGhpcy1yZWFkeSUyMiUyMHN0eWxlJTNEJTIyd2lkdGglM0ElMjAyMjBweCUzQiUyMiUzRSUwQSUwQSUyMCUyMCUyMCUyMCUyMCUyMCUyMCUyMCUzQ2ElMjBocmVmJTNEJTIyJTJGamVuYS1uYXVtYnVyZy5odG1sJTIyJTIwc3R5bGUlM0QlMjJoZWlnaHQlM0ElMjAxNDZweCUzQiUyMiUzRSUzQ25vc2NyaXB0JTNFJTI2bHQlM0JJTUclMjBjbGFzcyUzRCUyMnByZWxvYWQtbWUlMjAlMjIlMjBzcmMlM0QlMjIlMjIlMjZndCUzQiUzQyUyRm5vc2NyaXB0JTNFJTNDaW1nJTIwY2xhc3MlM0QlMjJwcmVsb2FkLW1lJTIwcmV0aW5pemVkJTIwbGF6eWxvYWRlZCUyMiUyMHNyY3NldCUzRCUyMiUyRndwLWNvbnRlbnQlMkZ1cGxvYWRzJTJGMjAxNSUyRjEyJTJGNTA4MjI0Mi0xLTIyMHgxNDYuanBnJTIwMXglMkMlMjAlMkZ3cC1jb250ZW50JTJGdXBsb2FkcyUyRjIwMTUlMkYxMiUyRjUwODIyNDItMS00NDB4MjkyLmpwZyUyMDJ4JTIyJTIwYWx0JTNEJTIyJTIyJTIwd2lkdGglM0QlMjIyMjAlMjIlMjBoZWlnaHQlM0QlMjIxNDYlMjIlMjBkYXRhLXNyYyUzRCUyMiUyMiUyMHNyYyUzRCUyMmh0dHAlM0ElMkYlMkZkZXYuc2FhbGVzdHJhbmQta2FudS5kZSUyRndwLWNvbnRlbnQlMkZ1cGxvYWRzJTJGMjAxNSUyRjEyJTJGNTA4MjI0Mi0xLTIyMHgxNDYuanBnJTIyJTNFJTNDJTJGYSUzRSUwQSUwQSUyMCUyMCUyMCUyMCUyMCUyMCUyMCUyMCUzQ2RpdiUyMGNsYXNzJTNEJTIycm9sbG92ZXItY29udGVudCUyMiUzRSUwQSUwQSUwQSUwQSUyMCUyMCUyMCUyMCUyMCUyMCUyMCUyMCUyMCUyMCUyMCUyMCUzQ2RpdiUyMGNsYXNzJTNEJTIycm9sbG92ZXItY29udGVudC1jb250YWluZXIlMjIlM0UlMEElMEElMEElMjAlMjAlMjAlMjAlMjAlMjAlMjAlMjAlMjAlMjAlMjAlMjAlMjAlMjAlMjAlMjAlM0NoNCUyMGNsYXNzJTNEJTIyZW50cnktdGl0bGUlMjIlM0UlM0NhJTIwaHJlZiUzRCUyMiUyRmplbmEtbmF1bWJ1cmcuaHRtbCUyMiUzRUplbmElMjAlRTIlODAlOTMlMjBOYXVtYnVyZyUzQ2JyJTIwJTJGJTNFJTI4MiUyMFRhZ2UlMjklM0MlMkZhJTNFJTNDJTJGaDQlM0UlMEElMEElMEElMjAlMjAlMjAlMjAlMjAlMjAlMjAlMjAlMjAlMjAlMjAlMjAlM0MlMkZkaXYlM0UlMEElMjAlMjAlMjAlMjAlMjAlMjAlMjAlMjAlM0MlMkZkaXYlM0UlMEElMEElMEElMjAlMjAlMjAlMjAlM0MlMkZkaXYlM0UlMEElMjAlMjAlMjAlMjAlM0MlMkZhcnRpY2xlJTNFJTNDJTJGbGklM0UlM0NsaSUyMGNsYXNzJTNEJTIyZnMtZW50cnklMjB0cy1jZWxsJTIwdHMtbG9hZGVkJTIyJTIwZGF0YS13aWR0aCUzRCUyMjIyMCUyMiUyMHN0eWxlJTNEJTIyd2lkdGglM0ElMjAyMjBweCUzQiUyMG9wYWNpdHklM0ElMjAxJTNCJTIwaGVpZ2h0JTNBJTIwMTAwJTI1JTNCJTIwbGVmdCUzQSUyMDQ0MHB4JTNCJTIyJTNFJTBBJTBBJTIwJTIwJTIwJTIwJTNDYXJ0aWNsZSUyMGNsYXNzJTNEJTIycG9zdCUyMHBvc3QtNzM0JTIwZHRfcG9ydGZvbGlvJTIwdHlwZS1kdF9wb3J0Zm9saW8lMjBzdGF0dXMtcHVibGlzaCUyMGhhcy1wb3N0LXRodW1ibmFpbCUyMGhlbnRyeSUyMGR0X3BvcnRmb2xpb19jYXRlZ29yeS10b3B0b3VyZW4lMjIlMjBzdHlsZSUzRCUyMmhlaWdodCUzQSUyMDEwMCUyNSUzQiUyMiUzRSUzQ2RpdiUyMGNsYXNzJTNEJTIycm9sbG92ZXItcHJvamVjdCUyMGZvcndhcmQtcG9zdCUyMHRoaXMtcmVhZHklMjIlMjBzdHlsZSUzRCUyMndpZHRoJTNBJTIwMjIwcHglM0IlMjIlM0UlMEElMEElMjAlMjAlMjAlMjAlMjAlMjAlMjAlMjAlM0NhJTIwaHJlZiUzRCUyMiUyRmNhbWJ1cmctbmF1bWJ1cmcuaHRtbCUyMiUyMHN0eWxlJTNEJTIyaGVpZ2h0JTNBJTIwMTQ2cHglM0IlMjIlM0UlM0Nub3NjcmlwdCUzRSUyNmx0JTNCSU1HJTIwY2xhc3MlM0QlMjJwcmVsb2FkLW1lJTIwJTIyJTIwc3JjJTNEJTIyJTIyJTI2Z3QlM0IlM0MlMkZub3NjcmlwdCUzRSUzQ2ltZyUyMGNsYXNzJTNEJTIycHJlbG9hZC1tZSUyMHJldGluaXplZCUyMGxhenlsb2FkZWQlMjIlMjBzcmNzZXQlM0QlMjIlMkZ3cC1jb250ZW50JTJGdXBsb2FkcyUyRjIwMTUlMkYxMiUyRjUwODE3NTgtMjIweDE0Ni5qcGclMjAxeCUyQyUyMCUyRndwLWNvbnRlbnQlMkZ1cGxvYWRzJTJGMjAxNSUyRjEyJTJGNTA4MTc1OC00NDB4MjkyLmpwZyUyMDJ4JTIyJTIwYWx0JTNEJTIyJTIyJTIwd2lkdGglM0QlMjIyMjAlMjIlMjBoZWlnaHQlM0QlMjIxNDYlMjIlMjBkYXRhLXNyYyUzRCUyMiUyMiUyMHNyYyUzRCUyMmh0dHAlM0ElMkYlMkZkZXYuc2FhbGVzdHJhbmQta2FudS5kZSUyRndwLWNvbnRlbnQlMkZ1cGxvYWRzJTJGMjAxNSUyRjEyJTJGNTA4MTc1OC0yMjB4MTQ2LmpwZyUyMiUzRSUzQyUyRmElM0UlMEElMEElMjAlMjAlMjAlMjAlMjAlMjAlMjAlMjAlM0NkaXYlMjBjbGFzcyUzRCUyMnJvbGxvdmVyLWNvbnRlbnQlMjIlM0UlMEElMEElMEElMEElMjAlMjAlMjAlMjAlMjAlMjAlMjAlMjAlMjAlMjAlMjAlMjAlM0NkaXYlMjBjbGFzcyUzRCUyMnJvbGxvdmVyLWNvbnRlbnQtY29udGFpbmVyJTIyJTNFJTBBJTBBJTBBJTIwJTIwJTIwJTIwJTIwJTIwJTIwJTIwJTIwJTIwJTIwJTIwJTIwJTIwJTIwJTIwJTNDaDQlMjBjbGFzcyUzRCUyMmVudHJ5LXRpdGxlJTIyJTNFJTNDYSUyMGhyZWYlM0QlMjIlMkZjYW1idXJnLW5hdW1idXJnLmh0bWwlMjIlM0VDYW1idXJnJTIwJUUyJTgwJTkzJTIwTmF1bWJ1cmclM0NiciUyMCUyRiUzRSUyODElMjBUYWclMjklM0MlMkZhJTNFJTNDJTJGaDQlM0UlMEElMEElMEElMjAlMjAlMjAlMjAlMjAlMjAlMjAlMjAlMjAlMjAlMjAlMjAlM0MlMkZkaXYlM0UlMEElMjAlMjAlMjAlMjAlMjAlMjAlMjAlMjAlM0MlMkZkaXYlM0UlMEElMEElMEElMjAlMjAlMjAlMjAlM0MlMkZkaXYlM0UlMEElMjAlMjAlMjAlMjAlM0MlMkZhcnRpY2xlJTNFJTNDJTJGbGklM0UlM0NsaSUyMGNsYXNzJTNEJTIyZnMtZW50cnklMjB0cy1jZWxsJTIwdHMtbG9hZGVkJTIyJTIwZGF0YS13aWR0aCUzRCUyMjIyMCUyMiUyMHN0eWxlJTNEJTIyd2lkdGglM0ElMjAyMjBweCUzQiUyMG9wYWNpdHklM0ElMjAxJTNCJTIwaGVpZ2h0JTNBJTIwMTAwJTI1JTNCJTIwbGVmdCUzQSUyMDY2MHB4JTNCJTIyJTNFJTBBJTBBJTIwJTIwJTIwJTIwJTNDYXJ0aWNsZSUyMGNsYXNzJTNEJTIycG9zdCUyMHBvc3QtNzMyJTIwZHRfcG9ydGZvbGlvJTIwdHlwZS1kdF9wb3J0Zm9saW8lMjBzdGF0dXMtcHVibGlzaCUyMGhhcy1wb3N0LXRodW1ibmFpbCUyMGhlbnRyeSUyMGR0X3BvcnRmb2xpb19jYXRlZ29yeS10b3B0b3VyZW4lMjIlMjBzdHlsZSUzRCUyMmhlaWdodCUzQSUyMDEwMCUyNSUzQiUyMiUzRSUzQ2RpdiUyMGNsYXNzJTNEJTIycm9sbG92ZXItcHJvamVjdCUyMGZvcndhcmQtcG9zdCUyMHRoaXMtcmVhZHklMjIlMjBzdHlsZSUzRCUyMndpZHRoJTNBJTIwMjIwcHglM0IlMjIlM0UlMEElMEElMjAlMjAlMjAlMjAlMjAlMjAlMjAlMjAlM0NhJTIwaHJlZiUzRCUyMiUyRmplbmEtY2FtYnVyZy5odG1sJTIyJTIwc3R5bGUlM0QlMjJoZWlnaHQlM0ElMjAxNDZweCUzQiUyMiUzRSUzQ25vc2NyaXB0JTNFJTI2bHQlM0JJTUclMjBjbGFzcyUzRCUyMnByZWxvYWQtbWUlMjAlMjIlMjBzcmMlM0QlMjIlMjIlMjZndCUzQiUzQyUyRm5vc2NyaXB0JTNFJTNDaW1nJTIwY2xhc3MlM0QlMjJwcmVsb2FkLW1lJTIwcmV0aW5pemVkJTIwbGF6eWxvYWRlZCUyMiUyMHNyY3NldCUzRCUyMiUyRndwLWNvbnRlbnQlMkZ1cGxvYWRzJTJGMjAxNSUyRjEyJTJGNTA4MjM5Ny0yMjB4MTQ2LmpwZyUyMDF4JTJDJTIwJTJGd3AtY29udGVudCUyRnVwbG9hZHMlMkYyMDE1JTJGMTIlMkY1MDgyMzk3LTQ0MHgyOTIuanBnJTIwMnglMjIlMjBhbHQlM0QlMjIlMjIlMjB3aWR0aCUzRCUyMjIyMCUyMiUyMGhlaWdodCUzRCUyMjE0NiUyMiUyMGRhdGEtc3JjJTNEJTIyJTIyJTIwc3JjJTNEJTIyaHR0cCUzQSUyRiUyRmRldi5zYWFsZXN0cmFuZC1rYW51LmRlJTJGd3AtY29udGVudCUyRnVwbG9hZHMlMkYyMDE1JTJGMTIlMkY1MDgyMzk3LTIyMHgxNDYuanBnJTIyJTNFJTNDJTJGYSUzRSUwQSUwQSUyMCUyMCUyMCUyMCUyMCUyMCUyMCUyMCUzQ2RpdiUyMGNsYXNzJTNEJTIycm9sbG92ZXItY29udGVudCUyMiUzRSUwQSUwQSUwQSUwQSUyMCUyMCUyMCUyMCUyMCUyMCUyMCUyMCUyMCUyMCUyMCUyMCUzQ2RpdiUyMGNsYXNzJTNEJTIycm9sbG92ZXItY29udGVudC1jb250YWluZXIlMjIlM0UlMEElMEElMEElMjAlMjAlMjAlMjAlMjAlMjAlMjAlMjAlMjAlMjAlMjAlMjAlMjAlMjAlMjAlMjAlM0NoNCUyMGNsYXNzJTNEJTIyZW50cnktdGl0bGUlMjIlM0UlM0NhJTIwaHJlZiUzRCUyMiUyRmplbmEtY2FtYnVyZy5odG1sJTIyJTNFSmVuYSUyMCVFMiU4MCU5MyUyMENhbWJ1cmclM0NiciUyMCUyRiUzRSUyODElMjBUYWclMjklM0MlMkZhJTNFJTNDJTJGaDQlM0UlMEElMEElMEElMjAlMjAlMjAlMjAlMjAlMjAlMjAlMjAlMjAlMjAlMjAlMjAlM0MlMkZkaXYlM0UlMEElMjAlMjAlMjAlMjAlMjAlMjAlMjAlMjAlM0MlMkZkaXYlM0UlMEElMEElMEElMjAlMjAlMjAlMjAlM0MlMkZkaXYlM0UlMEElMjAlMjAlMjAlMjAlM0MlMkZhcnRpY2xlJTNFJTNDJTJGbGklM0UlM0NsaSUyMGNsYXNzJTNEJTIyZnMtZW50cnklMjB0cy1jZWxsJTIwdHMtbG9hZGVkJTIyJTIwZGF0YS13aWR0aCUzRCUyMjIyMCUyMiUyMHN0eWxlJTNEJTIyd2lkdGglM0ElMjAyMjBweCUzQiUyMG9wYWNpdHklM0ElMjAxJTNCJTIwaGVpZ2h0JTNBJTIwMTAwJTI1JTNCJTIwbGVmdCUzQSUyMDg4MHB4JTNCJTIyJTNFJTBBJTBBJTIwJTIwJTIwJTIwJTNDYXJ0aWNsZSUyMGNsYXNzJTNEJTIycG9zdCUyMHBvc3QtNzI4JTIwZHRfcG9ydGZvbGlvJTIwdHlwZS1kdF9wb3J0Zm9saW8lMjBzdGF0dXMtcHVibGlzaCUyMGhhcy1wb3N0LXRodW1ibmFpbCUyMGhlbnRyeSUyMGR0X3BvcnRmb2xpb19jYXRlZ29yeS10b3B0b3VyZW4lMjIlMjBzdHlsZSUzRCUyMmhlaWdodCUzQSUyMDEwMCUyNSUzQiUyMiUzRSUzQ2RpdiUyMGNsYXNzJTNEJTIycm9sbG92ZXItcHJvamVjdCUyMGZvcndhcmQtcG9zdCUyMHRoaXMtcmVhZHklMjIlMjBzdHlsZSUzRCUyMndpZHRoJTNBJTIwMjIwcHglM0IlMjIlM0UlMEElMEElMjAlMjAlMjAlMjAlMjAlMjAlMjAlMjAlM0NhJTIwaHJlZiUzRCUyMiUyRmplbmEtZG9ybmJ1cmcuaHRtbCUyMiUyMHN0eWxlJTNEJTIyaGVpZ2h0JTNBJTIwMTQ2cHglM0IlMjIlM0UlM0Nub3NjcmlwdCUzRSUyNmx0JTNCSU1HJTIwY2xhc3MlM0QlMjJwcmVsb2FkLW1lJTIwJTIyJTIwc3JjJTNEJTIyJTIyJTI2Z3QlM0IlM0MlMkZub3NjcmlwdCUzRSUzQ2ltZyUyMGNsYXNzJTNEJTIycHJlbG9hZC1tZSUyMHJldGluaXplZCUyMGxhenlsb2FkZWQlMjIlMjBzcmNzZXQlM0QlMjIlMkZ3cC1jb250ZW50JTJGdXBsb2FkcyUyRjIwMTUlMkYxMiUyRjUwODEwODUtMS0yMjB4MTQ2LmpwZyUyMDF4JTJDJTIwJTJGd3AtY29udGVudCUyRnVwbG9hZHMlMkYyMDE1JTJGMTIlMkY1MDgxMDg1LTEtNDQweDI5Mi5qcGclMjAyeCUyMiUyMGFsdCUzRCUyMiUyMiUyMHdpZHRoJTNEJTIyMjIwJTIyJTIwaGVpZ2h0JTNEJTIyMTQ2JTIyJTIwZGF0YS1zcmMlM0QlMjIlMjIlMjBzcmMlM0QlMjJodHRwJTNBJTJGJTJGZGV2LnNhYWxlc3RyYW5kLWthbnUuZGUlMkZ3cC1jb250ZW50JTJGdXBsb2FkcyUyRjIwMTUlMkYxMiUyRjUwODEwODUtMS0yMjB4MTQ2LmpwZyUyMiUzRSUzQyUyRmElM0UlMEElMEElMjAlMjAlMjAlMjAlMjAlMjAlMjAlMjAlM0NkaXYlMjBjbGFzcyUzRCUyMnJvbGxvdmVyLWNvbnRlbnQlMjIlM0UlMEElMEElMEElMEElMjAlMjAlMjAlMjAlMjAlMjAlMjAlMjAlMjAlMjAlMjAlMjAlM0NkaXYlMjBjbGFzcyUzRCUyMnJvbGxvdmVyLWNvbnRlbnQtY29udGFpbmVyJTIyJTNFJTBBJTBBJTBBJTIwJTIwJTIwJTIwJTIwJTIwJTIwJTIwJTIwJTIwJTIwJTIwJTIwJTIwJTIwJTIwJTNDaDQlMjBjbGFzcyUzRCUyMmVudHJ5LXRpdGxlJTIyJTNFJTNDYSUyMGhyZWYlM0QlMjIlMkZqZW5hLWRvcm5idXJnLmh0bWwlMjIlM0VKZW5hJTIwJUUyJTgwJTkzJTIwRG9ybmJ1cmclM0NiciUyMCUyRiUzRSUyODElMkYyJTIwVGFnJTI5JTNDJTJGYSUzRSUzQyUyRmg0JTNFJTBBJTBBJTBBJTIwJTIwJTIwJTIwJTIwJTIwJTIwJTIwJTIwJTIwJTIwJTIwJTNDJTJGZGl2JTNFJTBBJTIwJTIwJTIwJTIwJTIwJTIwJTIwJTIwJTNDJTJGZGl2JTNFJTBBJTBBJTBBJTIwJTIwJTIwJTIwJTNDJTJGZGl2JTNFJTBBJTIwJTIwJTIwJTIwJTNDJTJGYXJ0aWNsZSUzRSUzQyUyRmxpJTNFJTNDJTJGdWwlM0UlM0MlMkZkaXYlM0UlM0MlMkZkaXYlM0UlM0MlMkZkaXYlM0UlM0NkaXYlMjBjbGFzcyUzRCUyMnByZXYlMjBkaXNhYmxlZCUyMiUzRSUzQ2klM0UlM0MlMkZpJTNFJTNDJTJGZGl2JTNFJTNDZGl2JTIwY2xhc3MlM0QlMjJuZXh0JTIwZGlzYWJsZWQlMjIlM0UlM0NpJTNFJTNDJTJGaSUzRSUzQyUyRmRpdiUzRSUzQyUyRmRpdiUzRQ==[\/vc_raw_html][\/vc_column][\/vc_row]<\/p>\n<\/div>","protected":false},"excerpt":{"rendered":"<p>[vc_row][vc_column][\/vc_column][\/vc_row][vc_row margin_top=&#8221;20&#8243; margin_bottom=&#8221;20&#8243;][vc_column width=&#8221;1\/3&#8243;][vc_single_image image=&#8221;1354&#8243; img_size=&#8221;300&#215;200&#8243; onclick=&#8221;link_image&#8221;][\/vc_column][vc_column width=&#8221;2\/3&#8243;][vc_column_text] Kanadier zeichnen sich durch eine gute\u00a0Kippstabilit\u00e4t aus. Die lange Wasserlinie sorgt f\u00fcr einen guten Geradeauslauf. Dadurch\u00a0eignen sich diese Boote\u00a0hervorragend f\u00fcr Familien und Tourenpaddler mit Gep\u00e4ck. Das bauchige Unterschiff fasst viel Zuladung und liegt auch dann noch sicher im Wasser, wenn die von uns angegebene, maximale Kapazit\u00e4t erreicht&hellip;<\/p>\n","protected":false},"author":4,"featured_media":0,"parent":0,"menu_order":0,"comment_status":"closed","ping_status":"closed","template":"","meta":{"_acf_changed":false,"inline_featured_image":false,"footnotes":""},"class_list":["post-1929","page","type-page","status-publish","hentry","description-off"],"acf":[],"yoast_head":"<!-- This site is optimized with the Yoast SEO plugin v26.5 - https:\/\/yoast.com\/wordpress\/plugins\/seo\/ -->\n<title>Bootstypen - Saalestrand Kanu<\/title>\n<meta name=\"description\" content=\"Saalestrand - Kanu offers canoe tours, kayak and inflatable boat tours as well as canoe rentals, kayak and inflatable boat rentals on the Saale and Unstrut rivers in Saxony-Anhalt and Thuringia.\" \/>\n<meta name=\"robots\" content=\"index, follow, max-snippet:-1, max-image-preview:large, max-video-preview:-1\" \/>\n<link rel=\"canonical\" href=\"https:\/\/www.saalestrand-kanu.de\/en\/bootstypen.html\" \/>\n<meta property=\"og:locale\" content=\"en_US\" \/>\n<meta property=\"og:type\" content=\"article\" \/>\n<meta property=\"og:title\" content=\"Bootstypen - Saalestrand Kanu\" \/>\n<meta property=\"og:description\" content=\"Saalestrand - Kanu offers canoe tours, kayak and inflatable boat tours as well as canoe rentals, kayak and inflatable boat rentals on the Saale and Unstrut rivers in Saxony-Anhalt and Thuringia.\" \/>\n<meta property=\"og:url\" content=\"https:\/\/www.saalestrand-kanu.de\/en\/bootstypen.html\" \/>\n<meta property=\"og:site_name\" content=\"Saalestrand Kanu\" \/>\n<meta property=\"article:modified_time\" content=\"2020-11-02T10:19:18+00:00\" \/>\n<meta name=\"twitter:card\" content=\"summary_large_image\" \/>\n<meta name=\"twitter:label1\" content=\"Est. reading time\" \/>\n\t<meta name=\"twitter:data1\" content=\"6 minutes\" \/>\n<script type=\"application\/ld+json\" class=\"yoast-schema-graph\">{\"@context\":\"https:\/\/schema.org\",\"@graph\":[{\"@type\":\"WebPage\",\"@id\":\"https:\/\/www.saalestrand-kanu.de\/en\/bootstypen.html\",\"url\":\"https:\/\/www.saalestrand-kanu.de\/en\/bootstypen.html\",\"name\":\"Bootstypen - Saalestrand Kanu\",\"isPartOf\":{\"@id\":\"https:\/\/www.saalestrand-kanu.de\/#website\"},\"datePublished\":\"2016-03-09T19:08:36+00:00\",\"dateModified\":\"2020-11-02T10:19:18+00:00\",\"description\":\"Saalestrand - Kanu offers canoe tours, kayak and inflatable boat tours as well as canoe rentals, kayak and inflatable boat rentals on the Saale and Unstrut rivers in Saxony-Anhalt and Thuringia.\",\"breadcrumb\":{\"@id\":\"https:\/\/www.saalestrand-kanu.de\/en\/bootstypen.html#breadcrumb\"},\"inLanguage\":\"en-US\",\"potentialAction\":[{\"@type\":\"ReadAction\",\"target\":[\"https:\/\/www.saalestrand-kanu.de\/en\/bootstypen.html\"]}]},{\"@type\":\"BreadcrumbList\",\"@id\":\"https:\/\/www.saalestrand-kanu.de\/en\/bootstypen.html#breadcrumb\",\"itemListElement\":[{\"@type\":\"ListItem\",\"position\":1,\"name\":\"Homepage\",\"item\":\"https:\/\/www.saalestrand-kanu.de\/en\"},{\"@type\":\"ListItem\",\"position\":2,\"name\":\"Bootstypen\"}]},{\"@type\":\"WebSite\",\"@id\":\"https:\/\/www.saalestrand-kanu.de\/#website\",\"url\":\"https:\/\/www.saalestrand-kanu.de\/\",\"name\":\"Saalestrand Kanu\",\"description\":\"Ihr Kanuverleih, Kajak- und Schlauchbootverleih in Jena, Th\u00fcringen und Naumburg an der Saale, Sachsen-Anhalt\",\"potentialAction\":[{\"@type\":\"SearchAction\",\"target\":{\"@type\":\"EntryPoint\",\"urlTemplate\":\"https:\/\/www.saalestrand-kanu.de\/?s={search_term_string}\"},\"query-input\":{\"@type\":\"PropertyValueSpecification\",\"valueRequired\":true,\"valueName\":\"search_term_string\"}}],\"inLanguage\":\"en-US\"}]}<\/script>\n<!-- \/ Yoast SEO plugin. -->","yoast_head_json":{"title":"Bootstypen - Saalestrand Kanu","description":"Saalestrand - Kanu offers canoe tours, kayak and inflatable boat tours as well as canoe rentals, kayak and inflatable boat rentals on the Saale and Unstrut rivers in Saxony-Anhalt and Thuringia.","robots":{"index":"index","follow":"follow","max-snippet":"max-snippet:-1","max-image-preview":"max-image-preview:large","max-video-preview":"max-video-preview:-1"},"canonical":"https:\/\/www.saalestrand-kanu.de\/en\/bootstypen.html","og_locale":"en_US","og_type":"article","og_title":"Bootstypen - Saalestrand Kanu","og_description":"Saalestrand - Kanu offers canoe tours, kayak and inflatable boat tours as well as canoe rentals, kayak and inflatable boat rentals on the Saale and Unstrut rivers in Saxony-Anhalt and Thuringia.","og_url":"https:\/\/www.saalestrand-kanu.de\/en\/bootstypen.html","og_site_name":"Saalestrand Kanu","article_modified_time":"2020-11-02T10:19:18+00:00","twitter_card":"summary_large_image","twitter_misc":{"Est. reading time":"6 minutes"},"schema":{"@context":"https:\/\/schema.org","@graph":[{"@type":"WebPage","@id":"https:\/\/www.saalestrand-kanu.de\/en\/bootstypen.html","url":"https:\/\/www.saalestrand-kanu.de\/en\/bootstypen.html","name":"Bootstypen - Saalestrand Kanu","isPartOf":{"@id":"https:\/\/www.saalestrand-kanu.de\/#website"},"datePublished":"2016-03-09T19:08:36+00:00","dateModified":"2020-11-02T10:19:18+00:00","description":"Saalestrand - Kanu offers canoe tours, kayak and inflatable boat tours as well as canoe rentals, kayak and inflatable boat rentals on the Saale and Unstrut rivers in Saxony-Anhalt and Thuringia.","breadcrumb":{"@id":"https:\/\/www.saalestrand-kanu.de\/en\/bootstypen.html#breadcrumb"},"inLanguage":"en-US","potentialAction":[{"@type":"ReadAction","target":["https:\/\/www.saalestrand-kanu.de\/en\/bootstypen.html"]}]},{"@type":"BreadcrumbList","@id":"https:\/\/www.saalestrand-kanu.de\/en\/bootstypen.html#breadcrumb","itemListElement":[{"@type":"ListItem","position":1,"name":"Homepage","item":"https:\/\/www.saalestrand-kanu.de\/en"},{"@type":"ListItem","position":2,"name":"Bootstypen"}]},{"@type":"WebSite","@id":"https:\/\/www.saalestrand-kanu.de\/#website","url":"https:\/\/www.saalestrand-kanu.de\/","name":"Saalestrand Kanu","description":"Ihr Kanuverleih, Kajak- und Schlauchbootverleih in Jena, Th\u00fcringen und Naumburg an der Saale, Sachsen-Anhalt","potentialAction":[{"@type":"SearchAction","target":{"@type":"EntryPoint","urlTemplate":"https:\/\/www.saalestrand-kanu.de\/?s={search_term_string}"},"query-input":{"@type":"PropertyValueSpecification","valueRequired":true,"valueName":"search_term_string"}}],"inLanguage":"en-US"}]}},"_links":{"self":[{"href":"https:\/\/www.saalestrand-kanu.de\/en\/wp-json\/wp\/v2\/pages\/1929","targetHints":{"allow":["GET"]}}],"collection":[{"href":"https:\/\/www.saalestrand-kanu.de\/en\/wp-json\/wp\/v2\/pages"}],"about":[{"href":"https:\/\/www.saalestrand-kanu.de\/en\/wp-json\/wp\/v2\/types\/page"}],"author":[{"embeddable":true,"href":"https:\/\/www.saalestrand-kanu.de\/en\/wp-json\/wp\/v2\/users\/4"}],"replies":[{"embeddable":true,"href":"https:\/\/www.saalestrand-kanu.de\/en\/wp-json\/wp\/v2\/comments?post=1929"}],"version-history":[{"count":0,"href":"https:\/\/www.saalestrand-kanu.de\/en\/wp-json\/wp\/v2\/pages\/1929\/revisions"}],"wp:attachment":[{"href":"https:\/\/www.saalestrand-kanu.de\/en\/wp-json\/wp\/v2\/media?parent=1929"}],"curies":[{"name":"wp","href":"https:\/\/api.w.org\/{rel}","templated":true}]}}