
{"id":1953,"date":"2016-03-11T15:41:42","date_gmt":"2016-03-11T14:41:42","guid":{"rendered":"http:\/\/dev.saalestrand-kanu.de\/en\/?page_id=1953"},"modified":"2026-03-05T12:35:51","modified_gmt":"2026-03-05T11:35:51","slug":"heldrungen-naumburg","status":"publish","type":"page","link":"https:\/\/www.saalestrand-kanu.de\/en\/heldrungen-naumburg.html","title":{"rendered":"Artern &#8211; Naumburg"},"content":{"rendered":"<div class=\"wpb-content-wrapper\"><p>[vc_row][vc_column width=&#8221;2\/3&#8243;][vc_column_text css=&#8221;.vc_custom_1645141712039{padding-bottom: 5px !important;padding-left: 5px !important;}&#8221;]<\/p>\n<h2>Artern &#8211; Naumburg<\/h2>\n<p>This tour begins near Germany\u2019s Kyffh\u00e4user region. Unstrut river makes its way in the direction of Artern. Throughout the tour you will experience 7 \u201cpass-around points\u201d for which you will have to exit the river with your canoe, and re-enter a short distance down stream.<\/p>\n<p>The town Artern is most famous for its Solequelle (salt mine), a present given to the city by king Friedrich Wilhelm III of Prussia.<\/p>\n<p>Continuing downstream from Artern, is the city of Ro\u00dfleben. As you paddle your way past Ro\u00dfleben you will notice a giant stone cliff, known as Wendelstein. Perched high above the Unstrut, a top the Wendelstein cliffs rests the ruins of a castle.<\/p>\n<p>It is important to note that continuing from Ro\u00dfleben small motorboats are permitted on the river and could cross your path.<\/p>\n<p>Furthermore, as you make your way through the Saale river and surrounding forests, you may catch a glimpse of several native animals; the turquoise river kingfisher, various types of heron, cormorants and\/or nutrias all in their natural habitat. If you are lucky, you may even see turtles and European otters!<\/p>\n<p>The next village you will pass is situated around Kaiserpfalz Memleben, a former monastery. In here the Emperor Otto I. was coronated in 962.<\/p>\n<p>As you peacefully paddle your way downstream you will pass the city of Wangen, where the Nebra Sky Disk was found. The Nebra Disk features the oldest concrete depiction of the cosmos and is considered one of the most important archaeological finds of the 20<sup>th<\/sup> century. In 2013 it was added to UNESCO\u2019s Memory of the World Register.<\/p>\n<p>The placidly flowing Unstrut will take you to a lock in the city of Laucha. In earlier times Laucha was famous for producing bells. Further down the river you will pass the villages of Weisch\u00fctz and Balgst\u00e4dt. Then you will come to 2 locks, one shortly before Freyburg at the Zeddenbacher M\u00fchle and one in Freyburg. At these locks\/pass-around points you must exit the river with your canoe and re-enter a short walk down stream.\u00a0 The lock in Freyburg is the last lock of the tour.<\/p>\n<p>Nearing Freyburg, wine vineyards become more common as you enter Germany\u2019s most northern wine-growing region. This wine-producing region is particularly famous for several different types of local wines including M\u00fcller-Thurgau, Silvaner and Riesling. Freyburg in particular is known for its wine vineyards and major sparkling wine producer Rotk\u00e4ppchen. Additionally, you will pass by Neuenburg, Freyburg\u2019s castle. The lock in Freyburg is the last lock of the tour.<\/p>\n<p>The \u201cSteinerne Bilderbuch\u201d, or \u201cStone Storybook\u201d, is a worthwhile resting place in the village of Gro\u00dfjena. It was created by villagers in 1722, and depicts red sandstone carvings of \u201cwine-themed\u201d scenes from the Bible.<\/p>\n<p>Further down the Unstrut flows into the Saale, creating a striking scene.<\/p>\n<p>Finally, the city of Naumburg will appear on the right side of the river, with its famous cathedral and Wenzel-Church, designed in the late gothic style.\u00a0 Here the Saale spreads into a wide riverbed as it continues its journey through the Saale River Valley.<\/p>\n<p>You can find several inviting, peaceful camping-sites, vineyards, Wineries, quaint caf\u00e9s, and restaurants scattered along both the Unstrut and the Saale.\u00a0 These places, along with the site-seeing opportunities listed above, will make your journey unforgettable.<\/p>\n<p>At our station in Naumburg-Henne the tour ends; however, feel free to explore the quintessential German city of Naumburg and it\u2019s picturesque architecture.[\/vc_column_text]<div class=\"hr-thin style-line\" style=\"width: 100%;\"><\/div>[vc_tta_tour][vc_tta_section i_icon_fontawesome=&#8221;fa fa-info&#8221; add_icon=&#8221;true&#8221; title=&#8221;Procedure&#8221; tab_id=&#8221;1450308230112-5e07e9c4-4f10&#8243;][vc_column_text]<\/p>\n<ul>\n<li>Safety instruction\u00a0und rules of paddling on rivers<\/li>\n<li>Introduction\u00a0in the handling of the boats and paddling-techniques<\/li>\n<li>Route-explanation\u00a0and notes on pass-around points and locks<\/li>\n<li>A relaxing trip in the Unstrut valley<\/li>\n<li>Duration: 3 days \/ approx. 7 hours per day<\/li>\n<li>Organized transfer before the tour<\/li>\n<\/ul>\n<p>[\/vc_column_text][\/vc_tta_section][vc_tta_section i_icon_fontawesome=&#8221;fa fa-thumbs-up&#8221; add_icon=&#8221;true&#8221; title=&#8221;Equipment&#8221; tab_id=&#8221;1450308230303-d36dcbd3-9243&#8243;][vc_column_text]<\/p>\n<ul>\n<li>Canoe, kayak\u00a0or raft<\/li>\n<li>Paddle<\/li>\n<li>Life-jackets\u00a0\/ swimming vests<\/li>\n<li>Waterproof luggage-box<\/li>\n<li>Map<\/li>\n<\/ul>\n<p>[\/vc_column_text][\/vc_tta_section][vc_tta_section i_icon_fontawesome=&#8221;fa fa-check&#8221; add_icon=&#8221;true&#8221; title=&#8221;Checklist&#8221; tab_id=&#8221;1450308690639-bba2ba49-e99c&#8221;][vc_column_text]<\/p>\n<ul>\n<li>Appropriate clothes \/ shoes according to weather conditions<\/li>\n<li>i.e.\u00a0sunscreen \/\u00a0headgear<\/li>\n<li>2nd outfit\u00a0\/ towel<\/li>\n<\/ul>\n<p>[\/vc_column_text][\/vc_tta_section][vc_tta_section i_icon_fontawesome=&#8221;fa fa-bell-o&#8221; add_icon=&#8221;true&#8221; title=&#8221;Start time&#8221; tab_id=&#8221;1450308781246-a96bfbad-c0e6&#8243;][vc_column_text]<\/p>\n<ul>\n<li>Start: negotiable<\/li>\n<\/ul>\n<p>[\/vc_column_text][\/vc_tta_section][\/vc_tta_tour]<div class=\"hr-thin style-line\" style=\"width: 100%;\"><\/div>[\/vc_column][vc_column width=&#8221;1\/3&#8243;][vc_single_image image=&#8221;30&#8243; img_size=&#8221;350&#215;270&#8243; onclick=&#8221;link_image&#8221; css=&#8221;.vc_custom_1456741244135{background-position: center !important;background-repeat: no-repeat !important;background-size: cover !important;}&#8221;][vc_cta h2=&#8221;&#8221; txt_align=&#8221;center&#8221; shape=&#8221;square&#8221; color=&#8221;grey&#8221; add_button=&#8221;bottom&#8221; btn_title=&#8221;Booking request&#8221; btn_style=&#8221;flat&#8221; btn_shape=&#8221;square&#8221; btn_color=&#8221;peacoc&#8221; btn_size=&#8221;lg&#8221; btn_align=&#8221;center&#8221; css=&#8221;.vc_custom_1772710548255{background-position: center !important;background-repeat: no-repeat !important;background-size: cover !important;}&#8221; btn_button_block=&#8221;true&#8221; btn_add_icon=&#8221;true&#8221; btn_link=&#8221;url:%2Fen%2Fcontact.html|||&#8221;]<\/p>\n<div style=\"background-color: #39a0bd;\">\n<p style=\"font-size: 16px; padding: 18px 25px;\"><span style=\"color: #ffffff;\">\u20ac 93 (per Adult) \/ \u20ac 71 (per Child) excl. Transportation of guests<br \/>\n\u20ac 115 (per Adult) \/ \u20ac 93 (per Child) incl. Transportation of guests<br \/>\n<\/span><\/p>\n<\/div>\n<div style=\"background-color: orange; text-align: center;\"><span style=\"color: #ffffff;\"><em>Difficulty: Medium<\/em><\/span><\/div>\n<p>&nbsp;<\/p>\n<p>in canoe\u00a0\/ kayak<\/p>\n<ul>\n<li>incl. equipment<\/li>\n<li>incl. transfer<\/li>\n<li>Distance: 73 km \/ Duration: 3 days \/ 7 hrs. per day<\/li>\n<li>Pass-around points and\/or Locks: 6 &#8211; 7<\/li>\n<\/ul>\n<p>[\/vc_cta][vc_single_image image=&#8221;873&#8243; img_size=&#8221;full&#8221; css=&#8221;.vc_custom_1451758441852{margin-bottom: 20px !important;}&#8221;][\/vc_column][\/vc_row][vc_row][vc_column width=&#8221;2\/3&#8243;]<div class=\"hr-thin style-line\" style=\"width: 100%;\"><\/div>[\/vc_column][vc_column width=&#8221;1\/3&#8243;]<div class=\"hr-thin style-line\" style=\"width: 100%;\"><\/div>[\/vc_column][\/vc_row]<\/p>\n<\/div>","protected":false},"excerpt":{"rendered":"<p>[vc_row][vc_column width=&#8221;2\/3&#8243;][vc_column_text css=&#8221;.vc_custom_1645141712039{padding-bottom: 5px !important;padding-left: 5px !important;}&#8221;] Artern &#8211; Naumburg This tour begins near Germany\u2019s Kyffh\u00e4user region. Unstrut river makes its way in the direction of Artern. Throughout the tour you will experience 7 \u201cpass-around points\u201d for which you will have to exit the river with your canoe, and re-enter a short distance down stream.&hellip;<\/p>\n","protected":false},"author":4,"featured_media":0,"parent":0,"menu_order":0,"comment_status":"closed","ping_status":"closed","template":"","meta":{"_acf_changed":false,"inline_featured_image":false,"footnotes":""},"class_list":["post-1953","page","type-page","status-publish","hentry","description-off"],"acf":[],"yoast_head":"<!-- This site is optimized with the Yoast SEO plugin v26.5 - https:\/\/yoast.com\/wordpress\/plugins\/seo\/ -->\n<title>Artern - Naumburg - Saalestrand Kanu<\/title>\n<meta name=\"description\" content=\"Saalestrand - Kanu offers canoe tours, kayak and inflatable boat tours as well as canoe rentals, kayak and inflatable boat rentals on the Saale and Unstrut rivers in Saxony-Anhalt and Thuringia.\" \/>\n<meta name=\"robots\" content=\"index, follow, max-snippet:-1, max-image-preview:large, max-video-preview:-1\" \/>\n<link rel=\"canonical\" href=\"https:\/\/www.saalestrand-kanu.de\/en\/heldrungen-naumburg.html\" \/>\n<meta property=\"og:locale\" content=\"en_US\" \/>\n<meta property=\"og:type\" content=\"article\" \/>\n<meta property=\"og:title\" content=\"Artern - Naumburg - Saalestrand Kanu\" \/>\n<meta property=\"og:description\" content=\"Saalestrand - Kanu offers canoe tours, kayak and inflatable boat tours as well as canoe rentals, kayak and inflatable boat rentals on the Saale and Unstrut rivers in Saxony-Anhalt and Thuringia.\" \/>\n<meta property=\"og:url\" content=\"https:\/\/www.saalestrand-kanu.de\/en\/heldrungen-naumburg.html\" \/>\n<meta property=\"og:site_name\" content=\"Saalestrand Kanu\" \/>\n<meta property=\"article:modified_time\" content=\"2026-03-05T11:35:51+00:00\" \/>\n<meta name=\"twitter:card\" content=\"summary_large_image\" \/>\n<meta name=\"twitter:label1\" content=\"Est. reading time\" \/>\n\t<meta name=\"twitter:data1\" content=\"5 minutes\" \/>\n<script type=\"application\/ld+json\" class=\"yoast-schema-graph\">{\"@context\":\"https:\/\/schema.org\",\"@graph\":[{\"@type\":\"WebPage\",\"@id\":\"https:\/\/www.saalestrand-kanu.de\/en\/heldrungen-naumburg.html\",\"url\":\"https:\/\/www.saalestrand-kanu.de\/en\/heldrungen-naumburg.html\",\"name\":\"Artern - Naumburg - Saalestrand Kanu\",\"isPartOf\":{\"@id\":\"https:\/\/www.saalestrand-kanu.de\/#website\"},\"datePublished\":\"2016-03-11T14:41:42+00:00\",\"dateModified\":\"2026-03-05T11:35:51+00:00\",\"description\":\"Saalestrand - Kanu offers canoe tours, kayak and inflatable boat tours as well as canoe rentals, kayak and inflatable boat rentals on the Saale and Unstrut rivers in Saxony-Anhalt and Thuringia.\",\"breadcrumb\":{\"@id\":\"https:\/\/www.saalestrand-kanu.de\/en\/heldrungen-naumburg.html#breadcrumb\"},\"inLanguage\":\"en-US\",\"potentialAction\":[{\"@type\":\"ReadAction\",\"target\":[\"https:\/\/www.saalestrand-kanu.de\/en\/heldrungen-naumburg.html\"]}]},{\"@type\":\"BreadcrumbList\",\"@id\":\"https:\/\/www.saalestrand-kanu.de\/en\/heldrungen-naumburg.html#breadcrumb\",\"itemListElement\":[{\"@type\":\"ListItem\",\"position\":1,\"name\":\"Homepage\",\"item\":\"https:\/\/www.saalestrand-kanu.de\/en\"},{\"@type\":\"ListItem\",\"position\":2,\"name\":\"Artern &#8211; Naumburg\"}]},{\"@type\":\"WebSite\",\"@id\":\"https:\/\/www.saalestrand-kanu.de\/#website\",\"url\":\"https:\/\/www.saalestrand-kanu.de\/\",\"name\":\"Saalestrand Kanu\",\"description\":\"Ihr Kanuverleih, Kajak- und Schlauchbootverleih in Jena, Th\u00fcringen und Naumburg an der Saale, Sachsen-Anhalt\",\"potentialAction\":[{\"@type\":\"SearchAction\",\"target\":{\"@type\":\"EntryPoint\",\"urlTemplate\":\"https:\/\/www.saalestrand-kanu.de\/?s={search_term_string}\"},\"query-input\":{\"@type\":\"PropertyValueSpecification\",\"valueRequired\":true,\"valueName\":\"search_term_string\"}}],\"inLanguage\":\"en-US\"}]}<\/script>\n<!-- \/ Yoast SEO plugin. -->","yoast_head_json":{"title":"Artern - Naumburg - Saalestrand Kanu","description":"Saalestrand - Kanu offers canoe tours, kayak and inflatable boat tours as well as canoe rentals, kayak and inflatable boat rentals on the Saale and Unstrut rivers in Saxony-Anhalt and Thuringia.","robots":{"index":"index","follow":"follow","max-snippet":"max-snippet:-1","max-image-preview":"max-image-preview:large","max-video-preview":"max-video-preview:-1"},"canonical":"https:\/\/www.saalestrand-kanu.de\/en\/heldrungen-naumburg.html","og_locale":"en_US","og_type":"article","og_title":"Artern - Naumburg - Saalestrand Kanu","og_description":"Saalestrand - Kanu offers canoe tours, kayak and inflatable boat tours as well as canoe rentals, kayak and inflatable boat rentals on the Saale and Unstrut rivers in Saxony-Anhalt and Thuringia.","og_url":"https:\/\/www.saalestrand-kanu.de\/en\/heldrungen-naumburg.html","og_site_name":"Saalestrand Kanu","article_modified_time":"2026-03-05T11:35:51+00:00","twitter_card":"summary_large_image","twitter_misc":{"Est. reading time":"5 minutes"},"schema":{"@context":"https:\/\/schema.org","@graph":[{"@type":"WebPage","@id":"https:\/\/www.saalestrand-kanu.de\/en\/heldrungen-naumburg.html","url":"https:\/\/www.saalestrand-kanu.de\/en\/heldrungen-naumburg.html","name":"Artern - Naumburg - Saalestrand Kanu","isPartOf":{"@id":"https:\/\/www.saalestrand-kanu.de\/#website"},"datePublished":"2016-03-11T14:41:42+00:00","dateModified":"2026-03-05T11:35:51+00:00","description":"Saalestrand - Kanu offers canoe tours, kayak and inflatable boat tours as well as canoe rentals, kayak and inflatable boat rentals on the Saale and Unstrut rivers in Saxony-Anhalt and Thuringia.","breadcrumb":{"@id":"https:\/\/www.saalestrand-kanu.de\/en\/heldrungen-naumburg.html#breadcrumb"},"inLanguage":"en-US","potentialAction":[{"@type":"ReadAction","target":["https:\/\/www.saalestrand-kanu.de\/en\/heldrungen-naumburg.html"]}]},{"@type":"BreadcrumbList","@id":"https:\/\/www.saalestrand-kanu.de\/en\/heldrungen-naumburg.html#breadcrumb","itemListElement":[{"@type":"ListItem","position":1,"name":"Homepage","item":"https:\/\/www.saalestrand-kanu.de\/en"},{"@type":"ListItem","position":2,"name":"Artern &#8211; Naumburg"}]},{"@type":"WebSite","@id":"https:\/\/www.saalestrand-kanu.de\/#website","url":"https:\/\/www.saalestrand-kanu.de\/","name":"Saalestrand Kanu","description":"Ihr Kanuverleih, Kajak- und Schlauchbootverleih in Jena, Th\u00fcringen und Naumburg an der Saale, Sachsen-Anhalt","potentialAction":[{"@type":"SearchAction","target":{"@type":"EntryPoint","urlTemplate":"https:\/\/www.saalestrand-kanu.de\/?s={search_term_string}"},"query-input":{"@type":"PropertyValueSpecification","valueRequired":true,"valueName":"search_term_string"}}],"inLanguage":"en-US"}]}},"_links":{"self":[{"href":"https:\/\/www.saalestrand-kanu.de\/en\/wp-json\/wp\/v2\/pages\/1953","targetHints":{"allow":["GET"]}}],"collection":[{"href":"https:\/\/www.saalestrand-kanu.de\/en\/wp-json\/wp\/v2\/pages"}],"about":[{"href":"https:\/\/www.saalestrand-kanu.de\/en\/wp-json\/wp\/v2\/types\/page"}],"author":[{"embeddable":true,"href":"https:\/\/www.saalestrand-kanu.de\/en\/wp-json\/wp\/v2\/users\/4"}],"replies":[{"embeddable":true,"href":"https:\/\/www.saalestrand-kanu.de\/en\/wp-json\/wp\/v2\/comments?post=1953"}],"version-history":[{"count":2,"href":"https:\/\/www.saalestrand-kanu.de\/en\/wp-json\/wp\/v2\/pages\/1953\/revisions"}],"predecessor-version":[{"id":41022,"href":"https:\/\/www.saalestrand-kanu.de\/en\/wp-json\/wp\/v2\/pages\/1953\/revisions\/41022"}],"wp:attachment":[{"href":"https:\/\/www.saalestrand-kanu.de\/en\/wp-json\/wp\/v2\/media?parent=1953"}],"curies":[{"name":"wp","href":"https:\/\/api.w.org\/{rel}","templated":true}]}}