
{"id":1964,"date":"2016-03-11T16:31:08","date_gmt":"2016-03-11T15:31:08","guid":{"rendered":"http:\/\/dev.saalestrand-kanu.de\/en\/?page_id=1964"},"modified":"2026-03-05T12:34:05","modified_gmt":"2026-03-05T11:34:05","slug":"soemmerda-naumburg","status":"publish","type":"page","link":"https:\/\/www.saalestrand-kanu.de\/en\/soemmerda-naumburg.html","title":{"rendered":"S\u00f6mmerda &#8211; Naumburg"},"content":{"rendered":"<div class=\"wpb-content-wrapper\"><p>[vc_row][vc_column width=&#8221;2\/3&#8243;][vc_column_text css=&#8221;.vc_custom_1457709986198{padding-bottom: 5px !important;padding-left: 5px !important;}&#8221;]<\/p>\n<h2>S\u00f6mmerda &#8211; Naumburg<\/h2>\n<p>This tour begins in the city of S\u00f6mmerda, a city in the middle of the Thuringia Basin (Th\u00fcringen Becken). It is important to note that S\u00f6mmerda is the most prominent and touristic point in this particular tour, and should be taken advantage of. Not only does the Unstrut River present an untouched and unspoiled landscape, S\u00f6mmerda also boasts a medieval layout with a town gate and six different lookout towers. Once more, S\u00f6mmerda is worth the time, so check out this charming medieval city.<\/p>\n<p>Throughout the tour you will experience 2 &#8211; 7 \u201cPass-around Points\u201d for which you will have to exit the river with your canoe, and re-enter a short distance down stream.<\/p>\n<p>Once you begin your tour down the Saale River and surrounding forests, you may catch a glimpse of several native animals; the turquoise river kingfisher, various types of heron, cormorants and\/or nutrias all in their natural habitat. If you are lucky, you may even see turtles and European Otters!<\/p>\n<p>As you make your way from S\u00f6mmerda to Naumburg you will pass through by the city of Heldrungen located in Germany\u2019s Kyffh\u00e4user region.<\/p>\n<p>You may want to make a stop in the next town of Artern , as it is most famous for its Solequelle (salt mine), a present given to the city by King Friedrich Wilhelm III of Prussia.<\/p>\n<p>Continuing down stream from Artern, is the city of Ro\u00dfleben. As you paddle your past Ro\u00dfleben you will notice a giant stone cliff, known as Wendelstein. Perched high above the Unstrut, a top the Wendelstein cliffs rest the ruins of a Castle.<\/p>\n<p>It is important to note that continuing from Ro\u00dfleben small motorboats are permitted on the river and could cross your path.<\/p>\n<p>The next village you will pass is situated around Kaiserpfalz Memleben, a former Monastery. It was here that the Emperor Otto I was coronated in 962.<\/p>\n<p>As you peacefully paddle your way downstream you will pass the city of Wangen, where the Nebra Sky Disk was found. The Nebra Disk features the oldest concrete depiction of the Cosmos and is considered one of the most important archaeological finds of the 20<sup>th<\/sup> century. In 2013 it was added to UNESCO\u2019s Memory of the World Register.<\/p>\n<p>The placidly flowing Unstrut will then take you to a lock in the city of Laucha. In earlier times Laucha was famous for producing bells. Further down the river you will pass the villages of Weisch\u00fctz and Balgst\u00e4dt. Then you will come to 2 locks, one shortly before Freyburg at the Zeddenbacher M\u00fchle and one in Freyburg. At these locks\/pass-around points you must exit the river with your canoe and re-enter a short walk down stream. The lock in Freyburg is the last lock of the tour.<\/p>\n<p>Nearing Freyburg, wine vineyards become more common as you enter Germany\u2019s Northern most wine-growing region. This wine-producing region is particularly famous for several different types of local wines including M\u00fcller-Thurgau, Silvaner and Riesling. Freyburg in particular is known for its wine vineyards and major sparkling wine producer Rotk\u00e4ppchen. Additionally, you will pass by Neuenburg, Freyburg\u2019s castle. The lock in Freyburg is the last lock of the tour.<\/p>\n<p>The \u201cSteinerne Bilderbuch\u201d, or \u201cStone Storybook\u201d, is a worthwhile resting place in the village of Gro\u00dfjena. It was created by villagers in 1722, and depicts red sandstone carvings of \u201cwine-themed\u201d scenes from the Bible.<\/p>\n<p>Further down the Unstrut flows into the Saale, creating a striking scene.<\/p>\n<p>Finally, the city of Naumburg will appear on the right side of the river, with its famous cathedral and Wenzel-Church, designed in the late gothic style. Here the Saale spreads into a wide riverbed as it continues its journey through the Saale River Valley.<\/p>\n<p>You can find several inviting, peaceful camping-sites, vineyards, Wineries, quaint caf\u00e9s, and restaurants scattered along both the Unstrut and the Saale. These places, along with the site-seeing opportunities listed above, will make your journey unforgettable.<\/p>\n<p>At our station in Naumburg-Henne the tour ends; however, feel free to explore the quintessential German city of Naumburg and it\u2019s picturesque architecture.<\/p>\n<p>[\/vc_column_text]<div class=\"hr-thin style-line\" style=\"width: 100%;\"><\/div>[vc_tta_tour][vc_tta_section i_icon_fontawesome=&#8221;fa fa-info&#8221; add_icon=&#8221;true&#8221; title=&#8221;Procedure&#8221; tab_id=&#8221;1450308230112-5e07e9c4-4f10&#8243;][vc_column_text]<\/p>\n<ul>\n<li>Safety instruction und rules of paddling on rivers<\/li>\n<li>Introduction in the handling of the boats and paddling-techniques<\/li>\n<li>Route-explanation and notes on pass-around points and locks<\/li>\n<li>A relaxing trip in the Saale valley<\/li>\n<li>Duration: 5 days \/ approx. 7 hours per day<\/li>\n<li>Organized transfer before the tour<\/li>\n<\/ul>\n<p>[\/vc_column_text][\/vc_tta_section][vc_tta_section i_icon_fontawesome=&#8221;fa fa-thumbs-up&#8221; add_icon=&#8221;true&#8221; title=&#8221;Equipment&#8221; tab_id=&#8221;1450308230303-d36dcbd3-9243&#8243;][vc_column_text]<\/p>\n<ul>\n<li>Canoe, kayak or raft<\/li>\n<li>Paddle<\/li>\n<li>Life-jackets \/ swimming vests<\/li>\n<li>Waterproof luggage-box<\/li>\n<li>Map<\/li>\n<\/ul>\n<p>[\/vc_column_text][\/vc_tta_section][vc_tta_section i_icon_fontawesome=&#8221;fa fa-check&#8221; add_icon=&#8221;true&#8221; title=&#8221;Checklist&#8221; tab_id=&#8221;1450308690639-bba2ba49-e99c&#8221;][vc_column_text]<\/p>\n<ul>\n<li>Appropriate clothes \/ shoes according to weather conditions<\/li>\n<li>i.e. sunscreen \/ headgear<\/li>\n<li>2nd outfit \/ towel<\/li>\n<\/ul>\n<p>[\/vc_column_text][\/vc_tta_section][vc_tta_section i_icon_fontawesome=&#8221;fa fa-bell-o&#8221; add_icon=&#8221;true&#8221; title=&#8221;Start time&#8221; tab_id=&#8221;1450308781246-a96bfbad-c0e6&#8243;][vc_column_text]<\/p>\n<ul>\n<li>Start: negotiable<\/li>\n<\/ul>\n<p>[\/vc_column_text][\/vc_tta_section][\/vc_tta_tour]<div class=\"hr-thin style-line\" style=\"width: 100%;\"><\/div>[vc_cta h2=&#8221;&#8221; h4=&#8221;Booking Options&#8221; shape=&#8221;square&#8221;]You can book this tour together with:<\/p>\n<ul>\n<li>4 Night in a Hotel or guesthouse including breakfast for a total price of 232\u20ac per Adult, and 152\u20ac per Child up to until 12 years old.<\/li>\n<li>4 Night at a camping-site (you must provide your own tent) for a total of 124\u20ac per Adult and 89\u20ac per Child.<\/li>\n<\/ul>\n<p>[\/vc_cta][\/vc_column][vc_column width=&#8221;1\/3&#8243;][vc_single_image image=&#8221;1602&#8243; img_size=&#8221;full&#8221; onclick=&#8221;link_image&#8221; css=&#8221;.vc_custom_1457012877225{background-position: center !important;background-repeat: no-repeat !important;background-size: cover !important;}&#8221;][vc_cta h2=&#8221;&#8221; txt_align=&#8221;center&#8221; shape=&#8221;square&#8221; color=&#8221;grey&#8221; add_button=&#8221;bottom&#8221; btn_title=&#8221;Booking request&#8221; btn_style=&#8221;flat&#8221; btn_shape=&#8221;square&#8221; btn_color=&#8221;peacoc&#8221; btn_size=&#8221;lg&#8221; btn_align=&#8221;center&#8221; css=&#8221;.vc_custom_1772710440921{background-position: center !important;background-repeat: no-repeat !important;background-size: cover !important;}&#8221; btn_button_block=&#8221;true&#8221; btn_add_icon=&#8221;true&#8221; btn_link=&#8221;url:%2Fkontakt.html||&#8221;]<\/p>\n<div style=\"background-color: #39a0bd;\">\n<p style=\"font-size: 16px; padding: 18px 25px;\"><span style=\"color: #ffffff;\">\u20ac 141 (per Adult) \/ \u20ac 107 (per Child) incl. transfer<br \/>\n\u20ac 181 (per Adult) \/ \u20ac 147 (per Child) excl. transfer<br \/>\n<\/span><\/p>\n<\/div>\n<p>in canoe \/ kayak<\/p>\n<ul>\n<li>incl. equipment<\/li>\n<li>incl. transfer<\/li>\n<li>Distance: 105 km<\/li>\n<li>Duration: 5 days \/ 7 hrs. per day<\/li>\n<li>Pass-around points and\/or Locks: 9<\/li>\n<\/ul>\n<p>[\/vc_cta][vc_single_image image=&#8221;903&#8243; img_size=&#8221;full&#8221; css=&#8221;.vc_custom_1451758727108{margin-bottom: 20px !important;}&#8221;][\/vc_column][\/vc_row][vc_row][vc_column width=&#8221;2\/3&#8243;]<div class=\"hr-thin style-line\" style=\"width: 100%;\"><\/div>[\/vc_column][vc_column width=&#8221;1\/3&#8243;]<div class=\"hr-thin style-line\" style=\"width: 100%;\"><\/div>[\/vc_column][\/vc_row]<\/p>\n<\/div>","protected":false},"excerpt":{"rendered":"<p>[vc_row][vc_column width=&#8221;2\/3&#8243;][vc_column_text css=&#8221;.vc_custom_1457709986198{padding-bottom: 5px !important;padding-left: 5px !important;}&#8221;] S\u00f6mmerda &#8211; Naumburg This tour begins in the city of S\u00f6mmerda, a city in the middle of the Thuringia Basin (Th\u00fcringen Becken). It is important to note that S\u00f6mmerda is the most prominent and touristic point in this particular tour, and should be taken advantage of. Not only&hellip;<\/p>\n","protected":false},"author":4,"featured_media":0,"parent":0,"menu_order":0,"comment_status":"closed","ping_status":"closed","template":"","meta":{"_acf_changed":false,"inline_featured_image":false,"footnotes":""},"class_list":["post-1964","page","type-page","status-publish","hentry","description-off"],"acf":[],"yoast_head":"<!-- This site is optimized with the Yoast SEO plugin v26.5 - https:\/\/yoast.com\/wordpress\/plugins\/seo\/ -->\n<title>S\u00f6mmerda - Naumburg - Saalestrand Kanu<\/title>\n<meta name=\"description\" content=\"Saalestrand - Kanu offers canoe tours, kayak and inflatable boat tours as well as canoe rentals, kayak and inflatable boat rentals on the Saale and Unstrut rivers in Saxony-Anhalt and Thuringia.\" \/>\n<meta name=\"robots\" content=\"index, follow, max-snippet:-1, max-image-preview:large, max-video-preview:-1\" \/>\n<link rel=\"canonical\" href=\"https:\/\/www.saalestrand-kanu.de\/en\/soemmerda-naumburg.html\" \/>\n<meta property=\"og:locale\" content=\"en_US\" \/>\n<meta property=\"og:type\" content=\"article\" \/>\n<meta property=\"og:title\" content=\"S\u00f6mmerda - Naumburg - Saalestrand Kanu\" \/>\n<meta property=\"og:description\" content=\"Saalestrand - Kanu offers canoe tours, kayak and inflatable boat tours as well as canoe rentals, kayak and inflatable boat rentals on the Saale and Unstrut rivers in Saxony-Anhalt and Thuringia.\" \/>\n<meta property=\"og:url\" content=\"https:\/\/www.saalestrand-kanu.de\/en\/soemmerda-naumburg.html\" \/>\n<meta property=\"og:site_name\" content=\"Saalestrand Kanu\" \/>\n<meta property=\"article:modified_time\" content=\"2026-03-05T11:34:05+00:00\" \/>\n<meta name=\"twitter:card\" content=\"summary_large_image\" \/>\n<meta name=\"twitter:label1\" content=\"Est. reading time\" \/>\n\t<meta name=\"twitter:data1\" content=\"6 minutes\" \/>\n<script type=\"application\/ld+json\" class=\"yoast-schema-graph\">{\"@context\":\"https:\/\/schema.org\",\"@graph\":[{\"@type\":\"WebPage\",\"@id\":\"https:\/\/www.saalestrand-kanu.de\/en\/soemmerda-naumburg.html\",\"url\":\"https:\/\/www.saalestrand-kanu.de\/en\/soemmerda-naumburg.html\",\"name\":\"S\u00f6mmerda - Naumburg - Saalestrand Kanu\",\"isPartOf\":{\"@id\":\"https:\/\/www.saalestrand-kanu.de\/#website\"},\"datePublished\":\"2016-03-11T15:31:08+00:00\",\"dateModified\":\"2026-03-05T11:34:05+00:00\",\"description\":\"Saalestrand - Kanu offers canoe tours, kayak and inflatable boat tours as well as canoe rentals, kayak and inflatable boat rentals on the Saale and Unstrut rivers in Saxony-Anhalt and Thuringia.\",\"breadcrumb\":{\"@id\":\"https:\/\/www.saalestrand-kanu.de\/en\/soemmerda-naumburg.html#breadcrumb\"},\"inLanguage\":\"en-US\",\"potentialAction\":[{\"@type\":\"ReadAction\",\"target\":[\"https:\/\/www.saalestrand-kanu.de\/en\/soemmerda-naumburg.html\"]}]},{\"@type\":\"BreadcrumbList\",\"@id\":\"https:\/\/www.saalestrand-kanu.de\/en\/soemmerda-naumburg.html#breadcrumb\",\"itemListElement\":[{\"@type\":\"ListItem\",\"position\":1,\"name\":\"Homepage\",\"item\":\"https:\/\/www.saalestrand-kanu.de\/en\"},{\"@type\":\"ListItem\",\"position\":2,\"name\":\"S\u00f6mmerda &#8211; Naumburg\"}]},{\"@type\":\"WebSite\",\"@id\":\"https:\/\/www.saalestrand-kanu.de\/#website\",\"url\":\"https:\/\/www.saalestrand-kanu.de\/\",\"name\":\"Saalestrand Kanu\",\"description\":\"Ihr Kanuverleih, Kajak- und Schlauchbootverleih in Jena, Th\u00fcringen und Naumburg an der Saale, Sachsen-Anhalt\",\"potentialAction\":[{\"@type\":\"SearchAction\",\"target\":{\"@type\":\"EntryPoint\",\"urlTemplate\":\"https:\/\/www.saalestrand-kanu.de\/?s={search_term_string}\"},\"query-input\":{\"@type\":\"PropertyValueSpecification\",\"valueRequired\":true,\"valueName\":\"search_term_string\"}}],\"inLanguage\":\"en-US\"}]}<\/script>\n<!-- \/ Yoast SEO plugin. -->","yoast_head_json":{"title":"S\u00f6mmerda - Naumburg - Saalestrand Kanu","description":"Saalestrand - Kanu offers canoe tours, kayak and inflatable boat tours as well as canoe rentals, kayak and inflatable boat rentals on the Saale and Unstrut rivers in Saxony-Anhalt and Thuringia.","robots":{"index":"index","follow":"follow","max-snippet":"max-snippet:-1","max-image-preview":"max-image-preview:large","max-video-preview":"max-video-preview:-1"},"canonical":"https:\/\/www.saalestrand-kanu.de\/en\/soemmerda-naumburg.html","og_locale":"en_US","og_type":"article","og_title":"S\u00f6mmerda - Naumburg - Saalestrand Kanu","og_description":"Saalestrand - Kanu offers canoe tours, kayak and inflatable boat tours as well as canoe rentals, kayak and inflatable boat rentals on the Saale and Unstrut rivers in Saxony-Anhalt and Thuringia.","og_url":"https:\/\/www.saalestrand-kanu.de\/en\/soemmerda-naumburg.html","og_site_name":"Saalestrand Kanu","article_modified_time":"2026-03-05T11:34:05+00:00","twitter_card":"summary_large_image","twitter_misc":{"Est. reading time":"6 minutes"},"schema":{"@context":"https:\/\/schema.org","@graph":[{"@type":"WebPage","@id":"https:\/\/www.saalestrand-kanu.de\/en\/soemmerda-naumburg.html","url":"https:\/\/www.saalestrand-kanu.de\/en\/soemmerda-naumburg.html","name":"S\u00f6mmerda - Naumburg - Saalestrand Kanu","isPartOf":{"@id":"https:\/\/www.saalestrand-kanu.de\/#website"},"datePublished":"2016-03-11T15:31:08+00:00","dateModified":"2026-03-05T11:34:05+00:00","description":"Saalestrand - Kanu offers canoe tours, kayak and inflatable boat tours as well as canoe rentals, kayak and inflatable boat rentals on the Saale and Unstrut rivers in Saxony-Anhalt and Thuringia.","breadcrumb":{"@id":"https:\/\/www.saalestrand-kanu.de\/en\/soemmerda-naumburg.html#breadcrumb"},"inLanguage":"en-US","potentialAction":[{"@type":"ReadAction","target":["https:\/\/www.saalestrand-kanu.de\/en\/soemmerda-naumburg.html"]}]},{"@type":"BreadcrumbList","@id":"https:\/\/www.saalestrand-kanu.de\/en\/soemmerda-naumburg.html#breadcrumb","itemListElement":[{"@type":"ListItem","position":1,"name":"Homepage","item":"https:\/\/www.saalestrand-kanu.de\/en"},{"@type":"ListItem","position":2,"name":"S\u00f6mmerda &#8211; Naumburg"}]},{"@type":"WebSite","@id":"https:\/\/www.saalestrand-kanu.de\/#website","url":"https:\/\/www.saalestrand-kanu.de\/","name":"Saalestrand Kanu","description":"Ihr Kanuverleih, Kajak- und Schlauchbootverleih in Jena, Th\u00fcringen und Naumburg an der Saale, Sachsen-Anhalt","potentialAction":[{"@type":"SearchAction","target":{"@type":"EntryPoint","urlTemplate":"https:\/\/www.saalestrand-kanu.de\/?s={search_term_string}"},"query-input":{"@type":"PropertyValueSpecification","valueRequired":true,"valueName":"search_term_string"}}],"inLanguage":"en-US"}]}},"_links":{"self":[{"href":"https:\/\/www.saalestrand-kanu.de\/en\/wp-json\/wp\/v2\/pages\/1964","targetHints":{"allow":["GET"]}}],"collection":[{"href":"https:\/\/www.saalestrand-kanu.de\/en\/wp-json\/wp\/v2\/pages"}],"about":[{"href":"https:\/\/www.saalestrand-kanu.de\/en\/wp-json\/wp\/v2\/types\/page"}],"author":[{"embeddable":true,"href":"https:\/\/www.saalestrand-kanu.de\/en\/wp-json\/wp\/v2\/users\/4"}],"replies":[{"embeddable":true,"href":"https:\/\/www.saalestrand-kanu.de\/en\/wp-json\/wp\/v2\/comments?post=1964"}],"version-history":[{"count":3,"href":"https:\/\/www.saalestrand-kanu.de\/en\/wp-json\/wp\/v2\/pages\/1964\/revisions"}],"predecessor-version":[{"id":41020,"href":"https:\/\/www.saalestrand-kanu.de\/en\/wp-json\/wp\/v2\/pages\/1964\/revisions\/41020"}],"wp:attachment":[{"href":"https:\/\/www.saalestrand-kanu.de\/en\/wp-json\/wp\/v2\/media?parent=1964"}],"curies":[{"name":"wp","href":"https:\/\/api.w.org\/{rel}","templated":true}]}}