
{"id":2086,"date":"2016-03-13T13:46:58","date_gmt":"2016-03-13T12:46:58","guid":{"rendered":"http:\/\/dev.saalestrand-kanu.de\/en\/?page_id=2086"},"modified":"2020-11-02T11:23:49","modified_gmt":"2020-11-02T10:23:49","slug":"imprint-and-disclaimer","status":"publish","type":"page","link":"https:\/\/www.saalestrand-kanu.de\/en\/imprint-and-disclaimer.html","title":{"rendered":"Imprint and Disclaimer"},"content":{"rendered":"<div class=\"wpb-content-wrapper\"><p>[vc_row][vc_column][vc_column_text]<\/p>\n<h2>Owner<\/h2>\n<p>Saalestrand Kanu UG<br \/>\nInh. Marcus Gaudigs<br \/>\nRiemannstra\u00dfe 4<br \/>\n07745 Jena<br \/>\nTax.-Nr.: 112 \/ 222 \/ 04147<br \/>\nTel.: 03445 \/ 677141<br \/>\nFax: 03641 \/ 348642<br \/>\nCellphone: 0176 \/ 10315610<br \/>\nE-Mail: <a href=\"mailto:info@saalestrand-kanu.de\">info@saalestrand-kanu.de<\/a><br \/>\nHomepage: <a href=\"http:\/\/www.saalestrand-kanu.de\/\">www.saalestrand-kanu.de<\/a><\/p>\n<h2><\/h2>\n<h2>Haftungsausschluss<\/h2>\n<h3>Haftung f\u00fcr Inhalte<\/h3>\n<p>Die Inhalte unserer Seiten wurden mit gr\u00f6\u00dfter Sorgfalt erstellt. F\u00fcr die Richtigkeit, Vollst\u00e4ndigkeit und Aktualit\u00e4t der Inhalte k\u00f6nnen wir jedoch kein Gew\u00e4hr \u00fcbernehmen. Als Diensteanbieter sind wir gem\u00e4\u00df \u00a7 7 Abs.1 TMG f\u00fcr\u00a0eigene Inhalte auf diesen Seiten nach den allgemeinen Gesetzen\u00a0verantwortlich. Nach \u00a7\u00a7 8 bis 10 TMG sind wir als Diensteanbieter jedoch nicht\u00a0verpflichtet, \u00fcbermittelte oder gespeicherte fremde Informationen zu \u00fcberwachen oder nach Umst\u00e4nden zu forschen, die auf eine\u00a0rechtswidrige\u00a0T\u00e4tigkeit hinweisen. Verpflichtungen zur Entfernung oder Sperrung\u00a0der\u00a0Nutzung von Informationen nach den allgemeinen Gesetzen bleiben hiervon unber\u00fchrt. Eine diesbez\u00fcgliche Haftung ist jedoch erst ab dem Zeitpunkt der Kenntnis einer konkreten Rechtsverletzung m\u00f6glich. Bei\u00a0Bekanntwerden von entsprechenden Rechtsverletzungen werden wir diese Inhalte umgehend entfernen. In keinem Fall wird f\u00fcr Sch\u00e4den, die sich aus der Verwendung der abgerufenen Informationen ergeben, eine Haftung\u00fcbernommen.<\/p>\n<h3>Haftung f\u00fcr Links<\/h3>\n<p>Unser Angebot enth\u00e4lt Links zu externen Webseiten Dritter, auf deren Inhalte wir keinen Einfluss haben. Deshalb k\u00f6nnen wir f\u00fcr diese\u00a0fremden Inhalte auch kein Gew\u00e4hr \u00fcbernehmen. F\u00fcr die Inhalte\u00a0der verlinkten Seiten ist stets der jeweilige Anbieter oder Betreiber der Seiten verantwortlich. Die verlinkten Seiten wurden zum Zeitpunkt der Verlinkung auf m\u00f6gliche Rechtsverst\u00f6\u00dfe \u00fcberpr\u00fcft. Rechtswidrige\u00a0Inhalte waren zum Zeitpunkt der Verlinkung nicht erkennbar. Eine permanente inhaltliche Kontrolle der verlinkten Seiten ist jedoch ohne konkrete Anhaltspunkte einer Rechtsverletzung nicht zumutbar. Bei Bekanntwerden von Rechtsverletzungen werden wir derartige Links umgehend entfernen.<\/p>\n<h3>Urheberrecht<\/h3>\n<p>Die durch die Seitenbetreiber erstellten Inhalte und Werke auf\u00a0diesen Seiten unterliegen dem deutschen Urheberrecht. Die Vervielf\u00e4ltigung,\u00a0Bearbeitung, Verbreitung und\u00a0jede Art der Verwertung au\u00dferhalb der Grenzen des Urheberrechtes\u00a0bed\u00fcrfen\u00a0der schriftlichen Zustimmung des jeweiligen Autors bzw. Erstellers. Downloads\u00a0und Kopien dieser Seite sind nur f\u00fcr den privaten, nicht\u00a0kommerziellen\u00a0Gebrauch gestattet. Soweit die Inhalte auf dieser Seite nicht vom\u00a0Betreiber erstellt wurden, werden die Urheberrechte Dritter beachtet. Insbesondere werden\u00a0Inhalte Dritter als solche\u00a0gekennzeichnet. Sollten Sie trotzdem auf eine Urheberrechtsverletzung aufmerksam werden, bitten wir um einen\u00a0entsprechenden Hinweis. Bei Bekanntwerden von Rechtsverletzungen werden wir derartige Inhalte umgehend entfernen.<\/p>\n<h3>Datenschutz<\/h3>\n<p>Die Nutzung unserer Webseite ist in der Regel ohne Angabe\u00a0personenbezogener Daten m\u00f6glich. Soweit auf unseren Seiten\u00a0personenbezogene Daten (beispielsweise Name,\u00a0Anschrift oder eMail-Adressen) erhoben werden, erfolgt dies,\u00a0soweit m\u00f6glich, stets auf freiwilliger Basis. Diese Daten werden ohne Ihre ausdr\u00fcckliche Zustimmung nicht an Dritte weitergegeben.<\/p>\n<p>Wir weisen darauf hin, dass die Daten\u00fcbertragung im Internet\u00a0(z.B.\u00a0bei der Kommunikation per E-Mail) Sicherheitsl\u00fccken aufweisen kann. Ein l\u00fcckenloser Schutz der Daten vor dem Zugriff durch Dritte ist nicht m\u00f6glich. Der Nutzung von im Rahmen der Impressumspflicht ver\u00f6ffentlichten Kontaktdaten durch Dritte zur \u00dcbersendung von nicht ausdr\u00fccklich angeforderter Werbung und Informationsmaterialien wird hiermit ausdr\u00fccklich widersprochen. Die Betreiber der Seiten behalten sich ausdr\u00fccklich rechtliche Schritte im Falle der unverlangten Zusendung von Werbeinformationen, etwa durch Spam-Mails, vor.[\/vc_column_text][\/vc_column][\/vc_row]<\/p>\n<\/div>","protected":false},"excerpt":{"rendered":"<p>[vc_row][vc_column][vc_column_text] Owner Saalestrand Kanu UG Inh. Marcus Gaudigs Riemannstra\u00dfe 4 07745 Jena Tax.-Nr.: 112 \/ 222 \/ 04147 Tel.: 03445 \/ 677141 Fax: 03641 \/ 348642 Cellphone: 0176 \/ 10315610 E-Mail: info@saalestrand-kanu.de Homepage: www.saalestrand-kanu.de Haftungsausschluss Haftung f\u00fcr Inhalte Die Inhalte unserer Seiten wurden mit gr\u00f6\u00dfter Sorgfalt erstellt. F\u00fcr die Richtigkeit, Vollst\u00e4ndigkeit und Aktualit\u00e4t der Inhalte&hellip;<\/p>\n","protected":false},"author":10,"featured_media":0,"parent":0,"menu_order":0,"comment_status":"closed","ping_status":"closed","template":"","meta":{"_acf_changed":false,"inline_featured_image":false,"footnotes":""},"class_list":["post-2086","page","type-page","status-publish","hentry","description-off"],"acf":[],"yoast_head":"<!-- This site is optimized with the Yoast SEO plugin v26.5 - https:\/\/yoast.com\/wordpress\/plugins\/seo\/ -->\n<title>Imprint and Disclaimer - Saalestrand Kanu<\/title>\n<meta name=\"description\" content=\"Saalestrand - Kanu offers canoe tours, kayak and inflatable boat tours as well as canoe rentals, kayak and inflatable boat rentals on the Saale and Unstrut rivers in Saxony-Anhalt and Thuringia.\" \/>\n<meta name=\"robots\" content=\"index, follow, max-snippet:-1, max-image-preview:large, max-video-preview:-1\" \/>\n<link rel=\"canonical\" href=\"https:\/\/www.saalestrand-kanu.de\/en\/imprint-and-disclaimer.html\" \/>\n<meta property=\"og:locale\" content=\"en_US\" \/>\n<meta property=\"og:type\" content=\"article\" \/>\n<meta property=\"og:title\" content=\"Imprint and Disclaimer - Saalestrand Kanu\" \/>\n<meta property=\"og:description\" content=\"Saalestrand - Kanu offers canoe tours, kayak and inflatable boat tours as well as canoe rentals, kayak and inflatable boat rentals on the Saale and Unstrut rivers in Saxony-Anhalt and Thuringia.\" \/>\n<meta property=\"og:url\" content=\"https:\/\/www.saalestrand-kanu.de\/en\/imprint-and-disclaimer.html\" \/>\n<meta property=\"og:site_name\" content=\"Saalestrand Kanu\" \/>\n<meta property=\"article:modified_time\" content=\"2020-11-02T10:23:49+00:00\" \/>\n<meta name=\"twitter:card\" content=\"summary_large_image\" \/>\n<meta name=\"twitter:label1\" content=\"Est. reading time\" \/>\n\t<meta name=\"twitter:data1\" content=\"3 minutes\" \/>\n<script type=\"application\/ld+json\" class=\"yoast-schema-graph\">{\"@context\":\"https:\/\/schema.org\",\"@graph\":[{\"@type\":\"WebPage\",\"@id\":\"https:\/\/www.saalestrand-kanu.de\/en\/imprint-and-disclaimer.html\",\"url\":\"https:\/\/www.saalestrand-kanu.de\/en\/imprint-and-disclaimer.html\",\"name\":\"Imprint and Disclaimer - Saalestrand Kanu\",\"isPartOf\":{\"@id\":\"https:\/\/www.saalestrand-kanu.de\/#website\"},\"datePublished\":\"2016-03-13T12:46:58+00:00\",\"dateModified\":\"2020-11-02T10:23:49+00:00\",\"description\":\"Saalestrand - Kanu offers canoe tours, kayak and inflatable boat tours as well as canoe rentals, kayak and inflatable boat rentals on the Saale and Unstrut rivers in Saxony-Anhalt and Thuringia.\",\"breadcrumb\":{\"@id\":\"https:\/\/www.saalestrand-kanu.de\/en\/imprint-and-disclaimer.html#breadcrumb\"},\"inLanguage\":\"en-US\",\"potentialAction\":[{\"@type\":\"ReadAction\",\"target\":[\"https:\/\/www.saalestrand-kanu.de\/en\/imprint-and-disclaimer.html\"]}]},{\"@type\":\"BreadcrumbList\",\"@id\":\"https:\/\/www.saalestrand-kanu.de\/en\/imprint-and-disclaimer.html#breadcrumb\",\"itemListElement\":[{\"@type\":\"ListItem\",\"position\":1,\"name\":\"Homepage\",\"item\":\"https:\/\/www.saalestrand-kanu.de\/en\"},{\"@type\":\"ListItem\",\"position\":2,\"name\":\"Imprint and Disclaimer\"}]},{\"@type\":\"WebSite\",\"@id\":\"https:\/\/www.saalestrand-kanu.de\/#website\",\"url\":\"https:\/\/www.saalestrand-kanu.de\/\",\"name\":\"Saalestrand Kanu\",\"description\":\"Ihr Kanuverleih, Kajak- und Schlauchbootverleih in Jena, Th\u00fcringen und Naumburg an der Saale, Sachsen-Anhalt\",\"potentialAction\":[{\"@type\":\"SearchAction\",\"target\":{\"@type\":\"EntryPoint\",\"urlTemplate\":\"https:\/\/www.saalestrand-kanu.de\/?s={search_term_string}\"},\"query-input\":{\"@type\":\"PropertyValueSpecification\",\"valueRequired\":true,\"valueName\":\"search_term_string\"}}],\"inLanguage\":\"en-US\"}]}<\/script>\n<!-- \/ Yoast SEO plugin. -->","yoast_head_json":{"title":"Imprint and Disclaimer - Saalestrand Kanu","description":"Saalestrand - Kanu offers canoe tours, kayak and inflatable boat tours as well as canoe rentals, kayak and inflatable boat rentals on the Saale and Unstrut rivers in Saxony-Anhalt and Thuringia.","robots":{"index":"index","follow":"follow","max-snippet":"max-snippet:-1","max-image-preview":"max-image-preview:large","max-video-preview":"max-video-preview:-1"},"canonical":"https:\/\/www.saalestrand-kanu.de\/en\/imprint-and-disclaimer.html","og_locale":"en_US","og_type":"article","og_title":"Imprint and Disclaimer - Saalestrand Kanu","og_description":"Saalestrand - Kanu offers canoe tours, kayak and inflatable boat tours as well as canoe rentals, kayak and inflatable boat rentals on the Saale and Unstrut rivers in Saxony-Anhalt and Thuringia.","og_url":"https:\/\/www.saalestrand-kanu.de\/en\/imprint-and-disclaimer.html","og_site_name":"Saalestrand Kanu","article_modified_time":"2020-11-02T10:23:49+00:00","twitter_card":"summary_large_image","twitter_misc":{"Est. reading time":"3 minutes"},"schema":{"@context":"https:\/\/schema.org","@graph":[{"@type":"WebPage","@id":"https:\/\/www.saalestrand-kanu.de\/en\/imprint-and-disclaimer.html","url":"https:\/\/www.saalestrand-kanu.de\/en\/imprint-and-disclaimer.html","name":"Imprint and Disclaimer - Saalestrand Kanu","isPartOf":{"@id":"https:\/\/www.saalestrand-kanu.de\/#website"},"datePublished":"2016-03-13T12:46:58+00:00","dateModified":"2020-11-02T10:23:49+00:00","description":"Saalestrand - Kanu offers canoe tours, kayak and inflatable boat tours as well as canoe rentals, kayak and inflatable boat rentals on the Saale and Unstrut rivers in Saxony-Anhalt and Thuringia.","breadcrumb":{"@id":"https:\/\/www.saalestrand-kanu.de\/en\/imprint-and-disclaimer.html#breadcrumb"},"inLanguage":"en-US","potentialAction":[{"@type":"ReadAction","target":["https:\/\/www.saalestrand-kanu.de\/en\/imprint-and-disclaimer.html"]}]},{"@type":"BreadcrumbList","@id":"https:\/\/www.saalestrand-kanu.de\/en\/imprint-and-disclaimer.html#breadcrumb","itemListElement":[{"@type":"ListItem","position":1,"name":"Homepage","item":"https:\/\/www.saalestrand-kanu.de\/en"},{"@type":"ListItem","position":2,"name":"Imprint and Disclaimer"}]},{"@type":"WebSite","@id":"https:\/\/www.saalestrand-kanu.de\/#website","url":"https:\/\/www.saalestrand-kanu.de\/","name":"Saalestrand Kanu","description":"Ihr Kanuverleih, Kajak- und Schlauchbootverleih in Jena, Th\u00fcringen und Naumburg an der Saale, Sachsen-Anhalt","potentialAction":[{"@type":"SearchAction","target":{"@type":"EntryPoint","urlTemplate":"https:\/\/www.saalestrand-kanu.de\/?s={search_term_string}"},"query-input":{"@type":"PropertyValueSpecification","valueRequired":true,"valueName":"search_term_string"}}],"inLanguage":"en-US"}]}},"_links":{"self":[{"href":"https:\/\/www.saalestrand-kanu.de\/en\/wp-json\/wp\/v2\/pages\/2086","targetHints":{"allow":["GET"]}}],"collection":[{"href":"https:\/\/www.saalestrand-kanu.de\/en\/wp-json\/wp\/v2\/pages"}],"about":[{"href":"https:\/\/www.saalestrand-kanu.de\/en\/wp-json\/wp\/v2\/types\/page"}],"author":[{"embeddable":true,"href":"https:\/\/www.saalestrand-kanu.de\/en\/wp-json\/wp\/v2\/users\/10"}],"replies":[{"embeddable":true,"href":"https:\/\/www.saalestrand-kanu.de\/en\/wp-json\/wp\/v2\/comments?post=2086"}],"version-history":[{"count":0,"href":"https:\/\/www.saalestrand-kanu.de\/en\/wp-json\/wp\/v2\/pages\/2086\/revisions"}],"wp:attachment":[{"href":"https:\/\/www.saalestrand-kanu.de\/en\/wp-json\/wp\/v2\/media?parent=2086"}],"curies":[{"name":"wp","href":"https:\/\/api.w.org\/{rel}","templated":true}]}}